{"id":154379,"date":"2025-12-18T13:17:58","date_gmt":"2025-12-18T11:17:58","guid":{"rendered":"https:\/\/powell-software.com\/?page_id=154379"},"modified":"2026-02-20T11:33:52","modified_gmt":"2026-02-20T09:33:52","slug":"industrie","status":"publish","type":"page","link":"https:\/\/powell-software.com\/fr\/industrie\/industrie\/","title":{"rendered":"Industrie"},"content":{"rendered":"","protected":false},"excerpt":{"rendered":"","protected":false},"author":60,"featured_media":0,"parent":153399,"menu_order":0,"comment_status":"closed","ping_status":"closed","template":"","meta":{"_acf_changed":false,"footnotes":""},"class_list":["post-154379","page","type-page","status-publish","hentry"],"acf":[],"yoast_head":"<!-- This site is optimized with the Yoast SEO plugin v27.4 - https:\/\/yoast.com\/product\/yoast-seo-wordpress\/ -->\n<title>L&#039;intranet sur SharePoint pour l&#039;industrie et la manufacture - Powell<\/title>\n<meta name=\"description\" content=\"D\u00e9couvrez Powell Intranet, la solution id\u00e9ale pour les entreprises industrielles et manufacturi\u00e8res. Optimisez la gestion de la production, la communication interne et la s\u00e9curit\u00e9 des donn\u00e9es dans vos usines avec notre plateforme num\u00e9rique int\u00e9gr\u00e9e.\" \/>\n<meta name=\"robots\" content=\"index, follow, max-snippet:-1, max-image-preview:large, max-video-preview:-1\" \/>\n<link rel=\"canonical\" href=\"https:\/\/powell-software.com\/fr\/industrie\/industrie\/\" \/>\n<meta property=\"og:locale\" content=\"fr_FR\" \/>\n<meta property=\"og:type\" content=\"article\" \/>\n<meta property=\"og:title\" content=\"L&#039;intranet sur SharePoint pour l&#039;industrie et la manufacture - Powell\" \/>\n<meta property=\"og:description\" content=\"D\u00e9couvrez Powell Intranet, la solution id\u00e9ale pour les entreprises industrielles et manufacturi\u00e8res. Optimisez la gestion de la production, la communication interne et la s\u00e9curit\u00e9 des donn\u00e9es dans vos usines avec notre plateforme num\u00e9rique int\u00e9gr\u00e9e.\" \/>\n<meta property=\"og:url\" content=\"https:\/\/powell-software.com\/fr\/industrie\/industrie\/\" \/>\n<meta property=\"og:site_name\" content=\"Powell\" \/>\n<meta property=\"article:publisher\" content=\"https:\/\/www.facebook.com\/PowellSoftware\" \/>\n<meta property=\"article:modified_time\" content=\"2026-02-20T09:33:52+00:00\" \/>\n<meta name=\"twitter:card\" content=\"summary_large_image\" \/>\n<meta name=\"twitter:site\" content=\"@powellsoftware\" \/>\n<script type=\"application\/ld+json\" class=\"yoast-schema-graph\">{\"@context\":\"https:\\\/\\\/schema.org\",\"@graph\":[{\"@type\":\"WebPage\",\"@id\":\"https:\\\/\\\/powell-software.com\\\/fr\\\/industrie\\\/industrie\\\/\",\"url\":\"https:\\\/\\\/powell-software.com\\\/fr\\\/industrie\\\/industrie\\\/\",\"name\":\"L'intranet sur SharePoint pour l'industrie et la manufacture - Powell\",\"isPartOf\":{\"@id\":\"https:\\\/\\\/powell-software.com\\\/fr\\\/#website\"},\"datePublished\":\"2025-12-18T11:17:58+00:00\",\"dateModified\":\"2026-02-20T09:33:52+00:00\",\"description\":\"D\u00e9couvrez Powell Intranet, la solution id\u00e9ale pour les entreprises industrielles et manufacturi\u00e8res. Optimisez la gestion de la production, la communication interne et la s\u00e9curit\u00e9 des donn\u00e9es dans vos usines avec notre plateforme num\u00e9rique int\u00e9gr\u00e9e.\",\"breadcrumb\":{\"@id\":\"https:\\\/\\\/powell-software.com\\\/fr\\\/industrie\\\/industrie\\\/#breadcrumb\"},\"inLanguage\":\"fr-FR\",\"potentialAction\":[{\"@type\":\"ReadAction\",\"target\":[\"https:\\\/\\\/powell-software.com\\\/fr\\\/industrie\\\/industrie\\\/\"]}]},{\"@type\":\"BreadcrumbList\",\"@id\":\"https:\\\/\\\/powell-software.com\\\/fr\\\/industrie\\\/industrie\\\/#breadcrumb\",\"itemListElement\":[{\"@type\":\"ListItem\",\"position\":1,\"name\":\"Home\",\"item\":\"https:\\\/\\\/powell-software.com\\\/fr\\\/\"},{\"@type\":\"ListItem\",\"position\":2,\"name\":\"Industrie\",\"item\":\"https:\\\/\\\/powell-software.com\\\/fr\\\/industrie\\\/\"},{\"@type\":\"ListItem\",\"position\":3,\"name\":\"Industrie\"}]},{\"@type\":\"WebSite\",\"@id\":\"https:\\\/\\\/powell-software.com\\\/fr\\\/#website\",\"url\":\"https:\\\/\\\/powell-software.com\\\/fr\\\/\",\"name\":\"Powell\",\"description\":\"La solution de Digital Workplace\",\"publisher\":{\"@id\":\"https:\\\/\\\/powell-software.com\\\/fr\\\/#organization\"},\"potentialAction\":[{\"@type\":\"SearchAction\",\"target\":{\"@type\":\"EntryPoint\",\"urlTemplate\":\"https:\\\/\\\/powell-software.com\\\/fr\\\/?s={search_term_string}\"},\"query-input\":{\"@type\":\"PropertyValueSpecification\",\"valueRequired\":true,\"valueName\":\"search_term_string\"}}],\"inLanguage\":\"fr-FR\"},{\"@type\":\"Organization\",\"@id\":\"https:\\\/\\\/powell-software.com\\\/fr\\\/#organization\",\"name\":\"Powell\",\"url\":\"https:\\\/\\\/powell-software.com\\\/fr\\\/\",\"logo\":{\"@type\":\"ImageObject\",\"inLanguage\":\"fr-FR\",\"@id\":\"https:\\\/\\\/powell-software.com\\\/fr\\\/#\\\/schema\\\/logo\\\/image\\\/\",\"url\":\"https:\\\/\\\/powell-software.com\\\/wp-content\\\/uploads\\\/2025\\\/03\\\/favicon.webp\",\"contentUrl\":\"https:\\\/\\\/powell-software.com\\\/wp-content\\\/uploads\\\/2025\\\/03\\\/favicon.webp\",\"width\":969,\"height\":969,\"caption\":\"Powell\"},\"image\":{\"@id\":\"https:\\\/\\\/powell-software.com\\\/fr\\\/#\\\/schema\\\/logo\\\/image\\\/\"},\"sameAs\":[\"https:\\\/\\\/www.facebook.com\\\/PowellSoftware\",\"https:\\\/\\\/x.com\\\/powellsoftware\",\"https:\\\/\\\/www.youtube.com\\\/channel\\\/UCBX2pfEUCxJQWCKOx9hvv8w\",\"https:\\\/\\\/fr.linkedin.com\\\/company\\\/powell-software\"]}]}<\/script>\n<!-- \/ Yoast SEO plugin. -->","yoast_head_json":{"title":"L'intranet sur SharePoint pour l'industrie et la manufacture - Powell","description":"D\u00e9couvrez Powell Intranet, la solution id\u00e9ale pour les entreprises industrielles et manufacturi\u00e8res. Optimisez la gestion de la production, la communication interne et la s\u00e9curit\u00e9 des donn\u00e9es dans vos usines avec notre plateforme num\u00e9rique int\u00e9gr\u00e9e.","robots":{"index":"index","follow":"follow","max-snippet":"max-snippet:-1","max-image-preview":"max-image-preview:large","max-video-preview":"max-video-preview:-1"},"canonical":"https:\/\/powell-software.com\/fr\/industrie\/industrie\/","og_locale":"fr_FR","og_type":"article","og_title":"L'intranet sur SharePoint pour l'industrie et la manufacture - Powell","og_description":"D\u00e9couvrez Powell Intranet, la solution id\u00e9ale pour les entreprises industrielles et manufacturi\u00e8res. Optimisez la gestion de la production, la communication interne et la s\u00e9curit\u00e9 des donn\u00e9es dans vos usines avec notre plateforme num\u00e9rique int\u00e9gr\u00e9e.","og_url":"https:\/\/powell-software.com\/fr\/industrie\/industrie\/","og_site_name":"Powell","article_publisher":"https:\/\/www.facebook.com\/PowellSoftware","article_modified_time":"2026-02-20T09:33:52+00:00","twitter_card":"summary_large_image","twitter_site":"@powellsoftware","schema":{"@context":"https:\/\/schema.org","@graph":[{"@type":"WebPage","@id":"https:\/\/powell-software.com\/fr\/industrie\/industrie\/","url":"https:\/\/powell-software.com\/fr\/industrie\/industrie\/","name":"L'intranet sur SharePoint pour l'industrie et la manufacture - Powell","isPartOf":{"@id":"https:\/\/powell-software.com\/fr\/#website"},"datePublished":"2025-12-18T11:17:58+00:00","dateModified":"2026-02-20T09:33:52+00:00","description":"D\u00e9couvrez Powell Intranet, la solution id\u00e9ale pour les entreprises industrielles et manufacturi\u00e8res. Optimisez la gestion de la production, la communication interne et la s\u00e9curit\u00e9 des donn\u00e9es dans vos usines avec notre plateforme num\u00e9rique int\u00e9gr\u00e9e.","breadcrumb":{"@id":"https:\/\/powell-software.com\/fr\/industrie\/industrie\/#breadcrumb"},"inLanguage":"fr-FR","potentialAction":[{"@type":"ReadAction","target":["https:\/\/powell-software.com\/fr\/industrie\/industrie\/"]}]},{"@type":"BreadcrumbList","@id":"https:\/\/powell-software.com\/fr\/industrie\/industrie\/#breadcrumb","itemListElement":[{"@type":"ListItem","position":1,"name":"Home","item":"https:\/\/powell-software.com\/fr\/"},{"@type":"ListItem","position":2,"name":"Industrie","item":"https:\/\/powell-software.com\/fr\/industrie\/"},{"@type":"ListItem","position":3,"name":"Industrie"}]},{"@type":"WebSite","@id":"https:\/\/powell-software.com\/fr\/#website","url":"https:\/\/powell-software.com\/fr\/","name":"Powell","description":"La solution de Digital Workplace","publisher":{"@id":"https:\/\/powell-software.com\/fr\/#organization"},"potentialAction":[{"@type":"SearchAction","target":{"@type":"EntryPoint","urlTemplate":"https:\/\/powell-software.com\/fr\/?s={search_term_string}"},"query-input":{"@type":"PropertyValueSpecification","valueRequired":true,"valueName":"search_term_string"}}],"inLanguage":"fr-FR"},{"@type":"Organization","@id":"https:\/\/powell-software.com\/fr\/#organization","name":"Powell","url":"https:\/\/powell-software.com\/fr\/","logo":{"@type":"ImageObject","inLanguage":"fr-FR","@id":"https:\/\/powell-software.com\/fr\/#\/schema\/logo\/image\/","url":"https:\/\/powell-software.com\/wp-content\/uploads\/2025\/03\/favicon.webp","contentUrl":"https:\/\/powell-software.com\/wp-content\/uploads\/2025\/03\/favicon.webp","width":969,"height":969,"caption":"Powell"},"image":{"@id":"https:\/\/powell-software.com\/fr\/#\/schema\/logo\/image\/"},"sameAs":["https:\/\/www.facebook.com\/PowellSoftware","https:\/\/x.com\/powellsoftware","https:\/\/www.youtube.com\/channel\/UCBX2pfEUCxJQWCKOx9hvv8w","https:\/\/fr.linkedin.com\/company\/powell-software"]}]}},"_links":{"self":[{"href":"https:\/\/powell-software.com\/fr\/wp-json\/wp\/v2\/pages\/154379","targetHints":{"allow":["GET"]}}],"collection":[{"href":"https:\/\/powell-software.com\/fr\/wp-json\/wp\/v2\/pages"}],"about":[{"href":"https:\/\/powell-software.com\/fr\/wp-json\/wp\/v2\/types\/page"}],"author":[{"embeddable":true,"href":"https:\/\/powell-software.com\/fr\/wp-json\/wp\/v2\/users\/60"}],"replies":[{"embeddable":true,"href":"https:\/\/powell-software.com\/fr\/wp-json\/wp\/v2\/comments?post=154379"}],"version-history":[{"count":16,"href":"https:\/\/powell-software.com\/fr\/wp-json\/wp\/v2\/pages\/154379\/revisions"}],"predecessor-version":[{"id":155735,"href":"https:\/\/powell-software.com\/fr\/wp-json\/wp\/v2\/pages\/154379\/revisions\/155735"}],"up":[{"embeddable":true,"href":"https:\/\/powell-software.com\/fr\/wp-json\/wp\/v2\/pages\/153399"}],"wp:attachment":[{"href":"https:\/\/powell-software.com\/fr\/wp-json\/wp\/v2\/media?parent=154379"}],"curies":[{"name":"wp","href":"https:\/\/api.w.org\/{rel}","templated":true}]}}