{"id":154377,"date":"2025-10-23T11:56:38","date_gmt":"2025-10-23T09:56:38","guid":{"rendered":"https:\/\/powell-software.com\/industrie\/pharma-healthcare\/"},"modified":"2026-02-20T11:34:09","modified_gmt":"2026-02-20T09:34:09","slug":"pharma-sante","status":"publish","type":"page","link":"https:\/\/powell-software.com\/fr\/industrie\/pharma-sante\/","title":{"rendered":"Pharma &#038; Sant\u00e9"},"content":{"rendered":"","protected":false},"excerpt":{"rendered":"","protected":false},"author":60,"featured_media":0,"parent":153399,"menu_order":0,"comment_status":"closed","ping_status":"closed","template":"","meta":{"_acf_changed":false,"footnotes":""},"class_list":["post-154377","page","type-page","status-publish","hentry"],"acf":[],"yoast_head":"<!-- This site is optimized with the Yoast SEO plugin v27.3 - https:\/\/yoast.com\/product\/yoast-seo-wordpress\/ -->\n<title>L&#039;intranet sur SharePoint pour le secteur hospitalier et pharma<\/title>\n<meta name=\"description\" content=\"D\u00e9couvrez Powell Intranet, la solution parfaite pour les h\u00f4pitaux et les entreprises pharmaceutiques. Am\u00e9liorez la collaboration, la gestion des donn\u00e9es sensibles et la conformit\u00e9 avec une plateforme intranet s\u00e9curis\u00e9e et facile \u00e0 utiliser.\" \/>\n<meta name=\"robots\" content=\"index, follow, max-snippet:-1, max-image-preview:large, max-video-preview:-1\" \/>\n<link rel=\"canonical\" href=\"https:\/\/powell-software.com\/fr\/industrie\/pharma-sante\/\" \/>\n<meta property=\"og:locale\" content=\"fr_FR\" \/>\n<meta property=\"og:type\" content=\"article\" \/>\n<meta property=\"og:title\" content=\"L&#039;intranet sur SharePoint pour le secteur hospitalier et pharma\" \/>\n<meta property=\"og:description\" content=\"D\u00e9couvrez Powell Intranet, la solution parfaite pour les h\u00f4pitaux et les entreprises pharmaceutiques. Am\u00e9liorez la collaboration, la gestion des donn\u00e9es sensibles et la conformit\u00e9 avec une plateforme intranet s\u00e9curis\u00e9e et facile \u00e0 utiliser.\" \/>\n<meta property=\"og:url\" content=\"https:\/\/powell-software.com\/fr\/industrie\/pharma-sante\/\" \/>\n<meta property=\"og:site_name\" content=\"Powell\" \/>\n<meta property=\"article:publisher\" content=\"https:\/\/www.facebook.com\/PowellSoftware\" \/>\n<meta property=\"article:modified_time\" content=\"2026-02-20T09:34:09+00:00\" \/>\n<meta name=\"twitter:card\" content=\"summary_large_image\" \/>\n<meta name=\"twitter:site\" content=\"@powellsoftware\" \/>\n<script type=\"application\/ld+json\" class=\"yoast-schema-graph\">{\"@context\":\"https:\\\/\\\/schema.org\",\"@graph\":[{\"@type\":\"WebPage\",\"@id\":\"https:\\\/\\\/powell-software.com\\\/fr\\\/industrie\\\/pharma-sante\\\/\",\"url\":\"https:\\\/\\\/powell-software.com\\\/fr\\\/industrie\\\/pharma-sante\\\/\",\"name\":\"L'intranet sur SharePoint pour le secteur hospitalier et pharma\",\"isPartOf\":{\"@id\":\"https:\\\/\\\/powell-software.com\\\/fr\\\/#website\"},\"datePublished\":\"2025-10-23T09:56:38+00:00\",\"dateModified\":\"2026-02-20T09:34:09+00:00\",\"description\":\"D\u00e9couvrez Powell Intranet, la solution parfaite pour les h\u00f4pitaux et les entreprises pharmaceutiques. Am\u00e9liorez la collaboration, la gestion des donn\u00e9es sensibles et la conformit\u00e9 avec une plateforme intranet s\u00e9curis\u00e9e et facile \u00e0 utiliser.\",\"breadcrumb\":{\"@id\":\"https:\\\/\\\/powell-software.com\\\/fr\\\/industrie\\\/pharma-sante\\\/#breadcrumb\"},\"inLanguage\":\"fr-FR\",\"potentialAction\":[{\"@type\":\"ReadAction\",\"target\":[\"https:\\\/\\\/powell-software.com\\\/fr\\\/industrie\\\/pharma-sante\\\/\"]}]},{\"@type\":\"BreadcrumbList\",\"@id\":\"https:\\\/\\\/powell-software.com\\\/fr\\\/industrie\\\/pharma-sante\\\/#breadcrumb\",\"itemListElement\":[{\"@type\":\"ListItem\",\"position\":1,\"name\":\"Home\",\"item\":\"https:\\\/\\\/powell-software.com\\\/fr\\\/\"},{\"@type\":\"ListItem\",\"position\":2,\"name\":\"Industrie\",\"item\":\"https:\\\/\\\/powell-software.com\\\/fr\\\/industrie\\\/\"},{\"@type\":\"ListItem\",\"position\":3,\"name\":\"Pharma &#038; Sant\u00e9\"}]},{\"@type\":\"WebSite\",\"@id\":\"https:\\\/\\\/powell-software.com\\\/fr\\\/#website\",\"url\":\"https:\\\/\\\/powell-software.com\\\/fr\\\/\",\"name\":\"Powell\",\"description\":\"La solution de Digital Workplace\",\"publisher\":{\"@id\":\"https:\\\/\\\/powell-software.com\\\/fr\\\/#organization\"},\"potentialAction\":[{\"@type\":\"SearchAction\",\"target\":{\"@type\":\"EntryPoint\",\"urlTemplate\":\"https:\\\/\\\/powell-software.com\\\/fr\\\/?s={search_term_string}\"},\"query-input\":{\"@type\":\"PropertyValueSpecification\",\"valueRequired\":true,\"valueName\":\"search_term_string\"}}],\"inLanguage\":\"fr-FR\"},{\"@type\":\"Organization\",\"@id\":\"https:\\\/\\\/powell-software.com\\\/fr\\\/#organization\",\"name\":\"Powell\",\"url\":\"https:\\\/\\\/powell-software.com\\\/fr\\\/\",\"logo\":{\"@type\":\"ImageObject\",\"inLanguage\":\"fr-FR\",\"@id\":\"https:\\\/\\\/powell-software.com\\\/fr\\\/#\\\/schema\\\/logo\\\/image\\\/\",\"url\":\"https:\\\/\\\/powell-software.com\\\/wp-content\\\/uploads\\\/2025\\\/03\\\/favicon.webp\",\"contentUrl\":\"https:\\\/\\\/powell-software.com\\\/wp-content\\\/uploads\\\/2025\\\/03\\\/favicon.webp\",\"width\":969,\"height\":969,\"caption\":\"Powell\"},\"image\":{\"@id\":\"https:\\\/\\\/powell-software.com\\\/fr\\\/#\\\/schema\\\/logo\\\/image\\\/\"},\"sameAs\":[\"https:\\\/\\\/www.facebook.com\\\/PowellSoftware\",\"https:\\\/\\\/x.com\\\/powellsoftware\",\"https:\\\/\\\/www.youtube.com\\\/channel\\\/UCBX2pfEUCxJQWCKOx9hvv8w\",\"https:\\\/\\\/fr.linkedin.com\\\/company\\\/powell-software\"]}]}<\/script>\n<!-- \/ Yoast SEO plugin. -->","yoast_head_json":{"title":"L'intranet sur SharePoint pour le secteur hospitalier et pharma","description":"D\u00e9couvrez Powell Intranet, la solution parfaite pour les h\u00f4pitaux et les entreprises pharmaceutiques. Am\u00e9liorez la collaboration, la gestion des donn\u00e9es sensibles et la conformit\u00e9 avec une plateforme intranet s\u00e9curis\u00e9e et facile \u00e0 utiliser.","robots":{"index":"index","follow":"follow","max-snippet":"max-snippet:-1","max-image-preview":"max-image-preview:large","max-video-preview":"max-video-preview:-1"},"canonical":"https:\/\/powell-software.com\/fr\/industrie\/pharma-sante\/","og_locale":"fr_FR","og_type":"article","og_title":"L'intranet sur SharePoint pour le secteur hospitalier et pharma","og_description":"D\u00e9couvrez Powell Intranet, la solution parfaite pour les h\u00f4pitaux et les entreprises pharmaceutiques. Am\u00e9liorez la collaboration, la gestion des donn\u00e9es sensibles et la conformit\u00e9 avec une plateforme intranet s\u00e9curis\u00e9e et facile \u00e0 utiliser.","og_url":"https:\/\/powell-software.com\/fr\/industrie\/pharma-sante\/","og_site_name":"Powell","article_publisher":"https:\/\/www.facebook.com\/PowellSoftware","article_modified_time":"2026-02-20T09:34:09+00:00","twitter_card":"summary_large_image","twitter_site":"@powellsoftware","schema":{"@context":"https:\/\/schema.org","@graph":[{"@type":"WebPage","@id":"https:\/\/powell-software.com\/fr\/industrie\/pharma-sante\/","url":"https:\/\/powell-software.com\/fr\/industrie\/pharma-sante\/","name":"L'intranet sur SharePoint pour le secteur hospitalier et pharma","isPartOf":{"@id":"https:\/\/powell-software.com\/fr\/#website"},"datePublished":"2025-10-23T09:56:38+00:00","dateModified":"2026-02-20T09:34:09+00:00","description":"D\u00e9couvrez Powell Intranet, la solution parfaite pour les h\u00f4pitaux et les entreprises pharmaceutiques. Am\u00e9liorez la collaboration, la gestion des donn\u00e9es sensibles et la conformit\u00e9 avec une plateforme intranet s\u00e9curis\u00e9e et facile \u00e0 utiliser.","breadcrumb":{"@id":"https:\/\/powell-software.com\/fr\/industrie\/pharma-sante\/#breadcrumb"},"inLanguage":"fr-FR","potentialAction":[{"@type":"ReadAction","target":["https:\/\/powell-software.com\/fr\/industrie\/pharma-sante\/"]}]},{"@type":"BreadcrumbList","@id":"https:\/\/powell-software.com\/fr\/industrie\/pharma-sante\/#breadcrumb","itemListElement":[{"@type":"ListItem","position":1,"name":"Home","item":"https:\/\/powell-software.com\/fr\/"},{"@type":"ListItem","position":2,"name":"Industrie","item":"https:\/\/powell-software.com\/fr\/industrie\/"},{"@type":"ListItem","position":3,"name":"Pharma &#038; Sant\u00e9"}]},{"@type":"WebSite","@id":"https:\/\/powell-software.com\/fr\/#website","url":"https:\/\/powell-software.com\/fr\/","name":"Powell","description":"La solution de Digital Workplace","publisher":{"@id":"https:\/\/powell-software.com\/fr\/#organization"},"potentialAction":[{"@type":"SearchAction","target":{"@type":"EntryPoint","urlTemplate":"https:\/\/powell-software.com\/fr\/?s={search_term_string}"},"query-input":{"@type":"PropertyValueSpecification","valueRequired":true,"valueName":"search_term_string"}}],"inLanguage":"fr-FR"},{"@type":"Organization","@id":"https:\/\/powell-software.com\/fr\/#organization","name":"Powell","url":"https:\/\/powell-software.com\/fr\/","logo":{"@type":"ImageObject","inLanguage":"fr-FR","@id":"https:\/\/powell-software.com\/fr\/#\/schema\/logo\/image\/","url":"https:\/\/powell-software.com\/wp-content\/uploads\/2025\/03\/favicon.webp","contentUrl":"https:\/\/powell-software.com\/wp-content\/uploads\/2025\/03\/favicon.webp","width":969,"height":969,"caption":"Powell"},"image":{"@id":"https:\/\/powell-software.com\/fr\/#\/schema\/logo\/image\/"},"sameAs":["https:\/\/www.facebook.com\/PowellSoftware","https:\/\/x.com\/powellsoftware","https:\/\/www.youtube.com\/channel\/UCBX2pfEUCxJQWCKOx9hvv8w","https:\/\/fr.linkedin.com\/company\/powell-software"]}]}},"_links":{"self":[{"href":"https:\/\/powell-software.com\/fr\/wp-json\/wp\/v2\/pages\/154377","targetHints":{"allow":["GET"]}}],"collection":[{"href":"https:\/\/powell-software.com\/fr\/wp-json\/wp\/v2\/pages"}],"about":[{"href":"https:\/\/powell-software.com\/fr\/wp-json\/wp\/v2\/types\/page"}],"author":[{"embeddable":true,"href":"https:\/\/powell-software.com\/fr\/wp-json\/wp\/v2\/users\/60"}],"replies":[{"embeddable":true,"href":"https:\/\/powell-software.com\/fr\/wp-json\/wp\/v2\/comments?post=154377"}],"version-history":[{"count":19,"href":"https:\/\/powell-software.com\/fr\/wp-json\/wp\/v2\/pages\/154377\/revisions"}],"predecessor-version":[{"id":155736,"href":"https:\/\/powell-software.com\/fr\/wp-json\/wp\/v2\/pages\/154377\/revisions\/155736"}],"up":[{"embeddable":true,"href":"https:\/\/powell-software.com\/fr\/wp-json\/wp\/v2\/pages\/153399"}],"wp:attachment":[{"href":"https:\/\/powell-software.com\/fr\/wp-json\/wp\/v2\/media?parent=154377"}],"curies":[{"name":"wp","href":"https:\/\/api.w.org\/{rel}","templated":true}]}}