{"id":139591,"date":"2025-01-21T10:52:49","date_gmt":"2025-01-21T09:52:49","guid":{"rendered":"https:\/\/live-powell-software.pantheonsite.io\/?page_id=139591"},"modified":"2026-04-10T19:17:45","modified_gmt":"2026-04-10T17:17:45","slug":"new-home","status":"publish","type":"page","link":"https:\/\/powell-software.com\/fr\/","title":{"rendered":"Accueil"},"content":{"rendered":"","protected":false},"excerpt":{"rendered":"","protected":false},"author":60,"featured_media":0,"parent":0,"menu_order":0,"comment_status":"closed","ping_status":"closed","template":"","meta":{"_acf_changed":false,"footnotes":""},"class_list":["post-139591","page","type-page","status-publish","hentry"],"acf":[],"yoast_head":"<!-- This site is optimized with the Yoast SEO plugin v27.3 - https:\/\/yoast.com\/product\/yoast-seo-wordpress\/ -->\n<title>Powell - L&#039;intranet num\u00e9ro 1 bas\u00e9 sur Microsoft 365<\/title>\n<meta name=\"description\" content=\"Powell est une entreprise qui propose des solutions intranet bas\u00e9es sur Microsoft 365 et SharePoint pour am\u00e9liorer l&#039;engagement employ\u00e9 et la communication interne. La vie est trop courte pour utiliser des outils ennuyeux.\" \/>\n<meta name=\"robots\" content=\"index, follow, max-snippet:-1, max-image-preview:large, max-video-preview:-1\" \/>\n<link rel=\"canonical\" href=\"https:\/\/powell-software.com\/fr\/\" \/>\n<meta property=\"og:locale\" content=\"fr_FR\" \/>\n<meta property=\"og:type\" content=\"article\" \/>\n<meta property=\"og:title\" content=\"Powell - L&#039;intranet num\u00e9ro 1 bas\u00e9 sur Microsoft 365\" \/>\n<meta property=\"og:description\" content=\"Powell est une entreprise qui propose des solutions intranet bas\u00e9es sur Microsoft 365 et SharePoint pour am\u00e9liorer l&#039;engagement employ\u00e9 et la communication interne. La vie est trop courte pour utiliser des outils ennuyeux.\" \/>\n<meta property=\"og:url\" content=\"https:\/\/powell-software.com\/fr\/\" \/>\n<meta property=\"og:site_name\" content=\"Powell\" \/>\n<meta property=\"article:publisher\" content=\"https:\/\/www.facebook.com\/PowellSoftware\" \/>\n<meta property=\"article:modified_time\" content=\"2026-04-10T17:17:45+00:00\" \/>\n<meta name=\"twitter:card\" content=\"summary_large_image\" \/>\n<meta name=\"twitter:site\" content=\"@powellsoftware\" \/>\n<script type=\"application\/ld+json\" class=\"yoast-schema-graph\">{\"@context\":\"https:\\\/\\\/schema.org\",\"@graph\":[{\"@type\":\"WebPage\",\"@id\":\"https:\\\/\\\/powell-software.com\\\/fr\\\/\",\"url\":\"https:\\\/\\\/powell-software.com\\\/fr\\\/\",\"name\":\"Powell - L'intranet num\u00e9ro 1 bas\u00e9 sur Microsoft 365\",\"isPartOf\":{\"@id\":\"https:\\\/\\\/powell-software.com\\\/fr\\\/#website\"},\"datePublished\":\"2025-01-21T09:52:49+00:00\",\"dateModified\":\"2026-04-10T17:17:45+00:00\",\"description\":\"Powell est une entreprise qui propose des solutions intranet bas\u00e9es sur Microsoft 365 et SharePoint pour am\u00e9liorer l'engagement employ\u00e9 et la communication interne. La vie est trop courte pour utiliser des outils ennuyeux.\",\"breadcrumb\":{\"@id\":\"https:\\\/\\\/powell-software.com\\\/fr\\\/#breadcrumb\"},\"inLanguage\":\"fr-FR\",\"potentialAction\":[{\"@type\":\"ReadAction\",\"target\":[\"https:\\\/\\\/powell-software.com\\\/fr\\\/\"]}]},{\"@type\":\"BreadcrumbList\",\"@id\":\"https:\\\/\\\/powell-software.com\\\/fr\\\/#breadcrumb\",\"itemListElement\":[{\"@type\":\"ListItem\",\"position\":1,\"name\":\"Home\",\"item\":\"https:\\\/\\\/powell-software.com\\\/fr\\\/\"},{\"@type\":\"ListItem\",\"position\":2,\"name\":\"Accueil\"}]},{\"@type\":\"WebSite\",\"@id\":\"https:\\\/\\\/powell-software.com\\\/fr\\\/#website\",\"url\":\"https:\\\/\\\/powell-software.com\\\/fr\\\/\",\"name\":\"Powell\",\"description\":\"La solution de Digital Workplace\",\"publisher\":{\"@id\":\"https:\\\/\\\/powell-software.com\\\/fr\\\/#organization\"},\"potentialAction\":[{\"@type\":\"SearchAction\",\"target\":{\"@type\":\"EntryPoint\",\"urlTemplate\":\"https:\\\/\\\/powell-software.com\\\/fr\\\/?s={search_term_string}\"},\"query-input\":{\"@type\":\"PropertyValueSpecification\",\"valueRequired\":true,\"valueName\":\"search_term_string\"}}],\"inLanguage\":\"fr-FR\"},{\"@type\":\"Organization\",\"@id\":\"https:\\\/\\\/powell-software.com\\\/fr\\\/#organization\",\"name\":\"Powell\",\"url\":\"https:\\\/\\\/powell-software.com\\\/fr\\\/\",\"logo\":{\"@type\":\"ImageObject\",\"inLanguage\":\"fr-FR\",\"@id\":\"https:\\\/\\\/powell-software.com\\\/fr\\\/#\\\/schema\\\/logo\\\/image\\\/\",\"url\":\"https:\\\/\\\/powell-software.com\\\/wp-content\\\/uploads\\\/2025\\\/03\\\/favicon.webp\",\"contentUrl\":\"https:\\\/\\\/powell-software.com\\\/wp-content\\\/uploads\\\/2025\\\/03\\\/favicon.webp\",\"width\":969,\"height\":969,\"caption\":\"Powell\"},\"image\":{\"@id\":\"https:\\\/\\\/powell-software.com\\\/fr\\\/#\\\/schema\\\/logo\\\/image\\\/\"},\"sameAs\":[\"https:\\\/\\\/www.facebook.com\\\/PowellSoftware\",\"https:\\\/\\\/x.com\\\/powellsoftware\",\"https:\\\/\\\/www.youtube.com\\\/channel\\\/UCBX2pfEUCxJQWCKOx9hvv8w\",\"https:\\\/\\\/fr.linkedin.com\\\/company\\\/powell-software\"]}]}<\/script>\n<!-- \/ Yoast SEO plugin. -->","yoast_head_json":{"title":"Powell - L'intranet num\u00e9ro 1 bas\u00e9 sur Microsoft 365","description":"Powell est une entreprise qui propose des solutions intranet bas\u00e9es sur Microsoft 365 et SharePoint pour am\u00e9liorer l'engagement employ\u00e9 et la communication interne. La vie est trop courte pour utiliser des outils ennuyeux.","robots":{"index":"index","follow":"follow","max-snippet":"max-snippet:-1","max-image-preview":"max-image-preview:large","max-video-preview":"max-video-preview:-1"},"canonical":"https:\/\/powell-software.com\/fr\/","og_locale":"fr_FR","og_type":"article","og_title":"Powell - L'intranet num\u00e9ro 1 bas\u00e9 sur Microsoft 365","og_description":"Powell est une entreprise qui propose des solutions intranet bas\u00e9es sur Microsoft 365 et SharePoint pour am\u00e9liorer l'engagement employ\u00e9 et la communication interne. La vie est trop courte pour utiliser des outils ennuyeux.","og_url":"https:\/\/powell-software.com\/fr\/","og_site_name":"Powell","article_publisher":"https:\/\/www.facebook.com\/PowellSoftware","article_modified_time":"2026-04-10T17:17:45+00:00","twitter_card":"summary_large_image","twitter_site":"@powellsoftware","schema":{"@context":"https:\/\/schema.org","@graph":[{"@type":"WebPage","@id":"https:\/\/powell-software.com\/fr\/","url":"https:\/\/powell-software.com\/fr\/","name":"Powell - L'intranet num\u00e9ro 1 bas\u00e9 sur Microsoft 365","isPartOf":{"@id":"https:\/\/powell-software.com\/fr\/#website"},"datePublished":"2025-01-21T09:52:49+00:00","dateModified":"2026-04-10T17:17:45+00:00","description":"Powell est une entreprise qui propose des solutions intranet bas\u00e9es sur Microsoft 365 et SharePoint pour am\u00e9liorer l'engagement employ\u00e9 et la communication interne. La vie est trop courte pour utiliser des outils ennuyeux.","breadcrumb":{"@id":"https:\/\/powell-software.com\/fr\/#breadcrumb"},"inLanguage":"fr-FR","potentialAction":[{"@type":"ReadAction","target":["https:\/\/powell-software.com\/fr\/"]}]},{"@type":"BreadcrumbList","@id":"https:\/\/powell-software.com\/fr\/#breadcrumb","itemListElement":[{"@type":"ListItem","position":1,"name":"Home","item":"https:\/\/powell-software.com\/fr\/"},{"@type":"ListItem","position":2,"name":"Accueil"}]},{"@type":"WebSite","@id":"https:\/\/powell-software.com\/fr\/#website","url":"https:\/\/powell-software.com\/fr\/","name":"Powell","description":"La solution de Digital Workplace","publisher":{"@id":"https:\/\/powell-software.com\/fr\/#organization"},"potentialAction":[{"@type":"SearchAction","target":{"@type":"EntryPoint","urlTemplate":"https:\/\/powell-software.com\/fr\/?s={search_term_string}"},"query-input":{"@type":"PropertyValueSpecification","valueRequired":true,"valueName":"search_term_string"}}],"inLanguage":"fr-FR"},{"@type":"Organization","@id":"https:\/\/powell-software.com\/fr\/#organization","name":"Powell","url":"https:\/\/powell-software.com\/fr\/","logo":{"@type":"ImageObject","inLanguage":"fr-FR","@id":"https:\/\/powell-software.com\/fr\/#\/schema\/logo\/image\/","url":"https:\/\/powell-software.com\/wp-content\/uploads\/2025\/03\/favicon.webp","contentUrl":"https:\/\/powell-software.com\/wp-content\/uploads\/2025\/03\/favicon.webp","width":969,"height":969,"caption":"Powell"},"image":{"@id":"https:\/\/powell-software.com\/fr\/#\/schema\/logo\/image\/"},"sameAs":["https:\/\/www.facebook.com\/PowellSoftware","https:\/\/x.com\/powellsoftware","https:\/\/www.youtube.com\/channel\/UCBX2pfEUCxJQWCKOx9hvv8w","https:\/\/fr.linkedin.com\/company\/powell-software"]}]}},"_links":{"self":[{"href":"https:\/\/powell-software.com\/fr\/wp-json\/wp\/v2\/pages\/139591","targetHints":{"allow":["GET"]}}],"collection":[{"href":"https:\/\/powell-software.com\/fr\/wp-json\/wp\/v2\/pages"}],"about":[{"href":"https:\/\/powell-software.com\/fr\/wp-json\/wp\/v2\/types\/page"}],"author":[{"embeddable":true,"href":"https:\/\/powell-software.com\/fr\/wp-json\/wp\/v2\/users\/60"}],"replies":[{"embeddable":true,"href":"https:\/\/powell-software.com\/fr\/wp-json\/wp\/v2\/comments?post=139591"}],"version-history":[{"count":47,"href":"https:\/\/powell-software.com\/fr\/wp-json\/wp\/v2\/pages\/139591\/revisions"}],"predecessor-version":[{"id":156192,"href":"https:\/\/powell-software.com\/fr\/wp-json\/wp\/v2\/pages\/139591\/revisions\/156192"}],"wp:attachment":[{"href":"https:\/\/powell-software.com\/fr\/wp-json\/wp\/v2\/media?parent=139591"}],"curies":[{"name":"wp","href":"https:\/\/api.w.org\/{rel}","templated":true}]}}