{"id":136566,"date":"2025-01-15T15:37:32","date_gmt":"2025-01-15T14:37:32","guid":{"rendered":"https:\/\/live-powell-software.pantheonsite.io\/?page_id=136566"},"modified":"2025-02-17T14:28:16","modified_gmt":"2025-02-17T13:28:16","slug":"a-propos","status":"publish","type":"page","link":"https:\/\/powell-software.com\/fr\/a-propos\/","title":{"rendered":"\u00c0 propos"},"content":{"rendered":"","protected":false},"excerpt":{"rendered":"","protected":false},"author":47,"featured_media":0,"parent":0,"menu_order":0,"comment_status":"closed","ping_status":"closed","template":"","meta":{"_acf_changed":false,"footnotes":""},"class_list":["post-136566","page","type-page","status-publish","hentry"],"acf":[],"yoast_head":"<!-- This site is optimized with the Yoast SEO plugin v27.3 - https:\/\/yoast.com\/product\/yoast-seo-wordpress\/ -->\n<title>\u00c0 propos de Powell - R\u00e9inventer la collaboration d&#039;\u00e9quipe<\/title>\n<meta name=\"description\" content=\"Depuis une d\u00e9cennie, Powell fa\u00e7onne l\u2019intranet pour rapprocher les collaborateurs, simplifier les \u00e9changes et cr\u00e9er des environnements de travail o\u00f9 la performance va de pair avec la joie de travailler.\" \/>\n<meta name=\"robots\" content=\"index, follow, max-snippet:-1, max-image-preview:large, max-video-preview:-1\" \/>\n<link rel=\"canonical\" href=\"https:\/\/powell-software.com\/fr\/a-propos\/\" \/>\n<meta property=\"og:locale\" content=\"fr_FR\" \/>\n<meta property=\"og:type\" content=\"article\" \/>\n<meta property=\"og:title\" content=\"\u00c0 propos de Powell - R\u00e9inventer la collaboration d&#039;\u00e9quipe\" \/>\n<meta property=\"og:description\" content=\"Depuis une d\u00e9cennie, Powell fa\u00e7onne l\u2019intranet pour rapprocher les collaborateurs, simplifier les \u00e9changes et cr\u00e9er des environnements de travail o\u00f9 la performance va de pair avec la joie de travailler.\" \/>\n<meta property=\"og:url\" content=\"https:\/\/powell-software.com\/fr\/a-propos\/\" \/>\n<meta property=\"og:site_name\" content=\"Powell\" \/>\n<meta property=\"article:publisher\" content=\"https:\/\/www.facebook.com\/PowellSoftware\" \/>\n<meta property=\"article:modified_time\" content=\"2025-02-17T13:28:16+00:00\" \/>\n<meta name=\"twitter:card\" content=\"summary_large_image\" \/>\n<meta name=\"twitter:site\" content=\"@powellsoftware\" \/>\n<script type=\"application\/ld+json\" class=\"yoast-schema-graph\">{\"@context\":\"https:\\\/\\\/schema.org\",\"@graph\":[{\"@type\":\"WebPage\",\"@id\":\"https:\\\/\\\/powell-software.com\\\/fr\\\/a-propos\\\/\",\"url\":\"https:\\\/\\\/powell-software.com\\\/fr\\\/a-propos\\\/\",\"name\":\"\u00c0 propos de Powell - R\u00e9inventer la collaboration d'\u00e9quipe\",\"isPartOf\":{\"@id\":\"https:\\\/\\\/powell-software.com\\\/fr\\\/#website\"},\"datePublished\":\"2025-01-15T14:37:32+00:00\",\"dateModified\":\"2025-02-17T13:28:16+00:00\",\"description\":\"Depuis une d\u00e9cennie, Powell fa\u00e7onne l\u2019intranet pour rapprocher les collaborateurs, simplifier les \u00e9changes et cr\u00e9er des environnements de travail o\u00f9 la performance va de pair avec la joie de travailler.\",\"breadcrumb\":{\"@id\":\"https:\\\/\\\/powell-software.com\\\/fr\\\/a-propos\\\/#breadcrumb\"},\"inLanguage\":\"fr-FR\",\"potentialAction\":[{\"@type\":\"ReadAction\",\"target\":[\"https:\\\/\\\/powell-software.com\\\/fr\\\/a-propos\\\/\"]}]},{\"@type\":\"BreadcrumbList\",\"@id\":\"https:\\\/\\\/powell-software.com\\\/fr\\\/a-propos\\\/#breadcrumb\",\"itemListElement\":[{\"@type\":\"ListItem\",\"position\":1,\"name\":\"Home\",\"item\":\"https:\\\/\\\/powell-software.com\\\/fr\\\/\"},{\"@type\":\"ListItem\",\"position\":2,\"name\":\"\u00c0 propos\"}]},{\"@type\":\"WebSite\",\"@id\":\"https:\\\/\\\/powell-software.com\\\/fr\\\/#website\",\"url\":\"https:\\\/\\\/powell-software.com\\\/fr\\\/\",\"name\":\"Powell\",\"description\":\"La solution de Digital Workplace\",\"publisher\":{\"@id\":\"https:\\\/\\\/powell-software.com\\\/fr\\\/#organization\"},\"potentialAction\":[{\"@type\":\"SearchAction\",\"target\":{\"@type\":\"EntryPoint\",\"urlTemplate\":\"https:\\\/\\\/powell-software.com\\\/fr\\\/?s={search_term_string}\"},\"query-input\":{\"@type\":\"PropertyValueSpecification\",\"valueRequired\":true,\"valueName\":\"search_term_string\"}}],\"inLanguage\":\"fr-FR\"},{\"@type\":\"Organization\",\"@id\":\"https:\\\/\\\/powell-software.com\\\/fr\\\/#organization\",\"name\":\"Powell\",\"url\":\"https:\\\/\\\/powell-software.com\\\/fr\\\/\",\"logo\":{\"@type\":\"ImageObject\",\"inLanguage\":\"fr-FR\",\"@id\":\"https:\\\/\\\/powell-software.com\\\/fr\\\/#\\\/schema\\\/logo\\\/image\\\/\",\"url\":\"https:\\\/\\\/powell-software.com\\\/wp-content\\\/uploads\\\/2025\\\/03\\\/favicon.webp\",\"contentUrl\":\"https:\\\/\\\/powell-software.com\\\/wp-content\\\/uploads\\\/2025\\\/03\\\/favicon.webp\",\"width\":969,\"height\":969,\"caption\":\"Powell\"},\"image\":{\"@id\":\"https:\\\/\\\/powell-software.com\\\/fr\\\/#\\\/schema\\\/logo\\\/image\\\/\"},\"sameAs\":[\"https:\\\/\\\/www.facebook.com\\\/PowellSoftware\",\"https:\\\/\\\/x.com\\\/powellsoftware\",\"https:\\\/\\\/www.youtube.com\\\/channel\\\/UCBX2pfEUCxJQWCKOx9hvv8w\",\"https:\\\/\\\/fr.linkedin.com\\\/company\\\/powell-software\"]}]}<\/script>\n<!-- \/ Yoast SEO plugin. -->","yoast_head_json":{"title":"\u00c0 propos de Powell - R\u00e9inventer la collaboration d'\u00e9quipe","description":"Depuis une d\u00e9cennie, Powell fa\u00e7onne l\u2019intranet pour rapprocher les collaborateurs, simplifier les \u00e9changes et cr\u00e9er des environnements de travail o\u00f9 la performance va de pair avec la joie de travailler.","robots":{"index":"index","follow":"follow","max-snippet":"max-snippet:-1","max-image-preview":"max-image-preview:large","max-video-preview":"max-video-preview:-1"},"canonical":"https:\/\/powell-software.com\/fr\/a-propos\/","og_locale":"fr_FR","og_type":"article","og_title":"\u00c0 propos de Powell - R\u00e9inventer la collaboration d'\u00e9quipe","og_description":"Depuis une d\u00e9cennie, Powell fa\u00e7onne l\u2019intranet pour rapprocher les collaborateurs, simplifier les \u00e9changes et cr\u00e9er des environnements de travail o\u00f9 la performance va de pair avec la joie de travailler.","og_url":"https:\/\/powell-software.com\/fr\/a-propos\/","og_site_name":"Powell","article_publisher":"https:\/\/www.facebook.com\/PowellSoftware","article_modified_time":"2025-02-17T13:28:16+00:00","twitter_card":"summary_large_image","twitter_site":"@powellsoftware","schema":{"@context":"https:\/\/schema.org","@graph":[{"@type":"WebPage","@id":"https:\/\/powell-software.com\/fr\/a-propos\/","url":"https:\/\/powell-software.com\/fr\/a-propos\/","name":"\u00c0 propos de Powell - R\u00e9inventer la collaboration d'\u00e9quipe","isPartOf":{"@id":"https:\/\/powell-software.com\/fr\/#website"},"datePublished":"2025-01-15T14:37:32+00:00","dateModified":"2025-02-17T13:28:16+00:00","description":"Depuis une d\u00e9cennie, Powell fa\u00e7onne l\u2019intranet pour rapprocher les collaborateurs, simplifier les \u00e9changes et cr\u00e9er des environnements de travail o\u00f9 la performance va de pair avec la joie de travailler.","breadcrumb":{"@id":"https:\/\/powell-software.com\/fr\/a-propos\/#breadcrumb"},"inLanguage":"fr-FR","potentialAction":[{"@type":"ReadAction","target":["https:\/\/powell-software.com\/fr\/a-propos\/"]}]},{"@type":"BreadcrumbList","@id":"https:\/\/powell-software.com\/fr\/a-propos\/#breadcrumb","itemListElement":[{"@type":"ListItem","position":1,"name":"Home","item":"https:\/\/powell-software.com\/fr\/"},{"@type":"ListItem","position":2,"name":"\u00c0 propos"}]},{"@type":"WebSite","@id":"https:\/\/powell-software.com\/fr\/#website","url":"https:\/\/powell-software.com\/fr\/","name":"Powell","description":"La solution de Digital Workplace","publisher":{"@id":"https:\/\/powell-software.com\/fr\/#organization"},"potentialAction":[{"@type":"SearchAction","target":{"@type":"EntryPoint","urlTemplate":"https:\/\/powell-software.com\/fr\/?s={search_term_string}"},"query-input":{"@type":"PropertyValueSpecification","valueRequired":true,"valueName":"search_term_string"}}],"inLanguage":"fr-FR"},{"@type":"Organization","@id":"https:\/\/powell-software.com\/fr\/#organization","name":"Powell","url":"https:\/\/powell-software.com\/fr\/","logo":{"@type":"ImageObject","inLanguage":"fr-FR","@id":"https:\/\/powell-software.com\/fr\/#\/schema\/logo\/image\/","url":"https:\/\/powell-software.com\/wp-content\/uploads\/2025\/03\/favicon.webp","contentUrl":"https:\/\/powell-software.com\/wp-content\/uploads\/2025\/03\/favicon.webp","width":969,"height":969,"caption":"Powell"},"image":{"@id":"https:\/\/powell-software.com\/fr\/#\/schema\/logo\/image\/"},"sameAs":["https:\/\/www.facebook.com\/PowellSoftware","https:\/\/x.com\/powellsoftware","https:\/\/www.youtube.com\/channel\/UCBX2pfEUCxJQWCKOx9hvv8w","https:\/\/fr.linkedin.com\/company\/powell-software"]}]}},"_links":{"self":[{"href":"https:\/\/powell-software.com\/fr\/wp-json\/wp\/v2\/pages\/136566","targetHints":{"allow":["GET"]}}],"collection":[{"href":"https:\/\/powell-software.com\/fr\/wp-json\/wp\/v2\/pages"}],"about":[{"href":"https:\/\/powell-software.com\/fr\/wp-json\/wp\/v2\/types\/page"}],"author":[{"embeddable":true,"href":"https:\/\/powell-software.com\/fr\/wp-json\/wp\/v2\/users\/47"}],"replies":[{"embeddable":true,"href":"https:\/\/powell-software.com\/fr\/wp-json\/wp\/v2\/comments?post=136566"}],"version-history":[{"count":0,"href":"https:\/\/powell-software.com\/fr\/wp-json\/wp\/v2\/pages\/136566\/revisions"}],"wp:attachment":[{"href":"https:\/\/powell-software.com\/fr\/wp-json\/wp\/v2\/media?parent=136566"}],"curies":[{"name":"wp","href":"https:\/\/api.w.org\/{rel}","templated":true}]}}