{"id":125929,"date":"2024-12-12T13:07:48","date_gmt":"2024-12-12T12:07:48","guid":{"rendered":"https:\/\/live-powell-software.pantheonsite.io\/?page_id=125929"},"modified":"2025-02-17T15:36:21","modified_gmt":"2025-02-17T14:36:21","slug":"fonctionnalites-intranet","status":"publish","type":"page","link":"https:\/\/powell-software.com\/fr\/produits\/fonctionnalites-intranet\/","title":{"rendered":"Fonctionnalit\u00e9s"},"content":{"rendered":"","protected":false},"excerpt":{"rendered":"","protected":false},"author":60,"featured_media":0,"parent":126476,"menu_order":0,"comment_status":"closed","ping_status":"closed","template":"","meta":{"_acf_changed":false,"footnotes":""},"class_list":["post-125929","page","type-page","status-publish","hentry"],"acf":[],"yoast_head":"<!-- This site is optimized with the Yoast SEO plugin v27.3 - https:\/\/yoast.com\/product\/yoast-seo-wordpress\/ -->\n<title>Powell - des fonctionnalit\u00e9s qui transforment l\u2019exp\u00e9rience collaborateur<\/title>\n<meta name=\"description\" content=\"Powell r\u00e9volutionne votre Digital Workplace avec des outils d\u2019analyse, un design personnalis\u00e9 et des innovations comme Powell Buddy AI. Offrez \u00e0 vos collaborateurs une exp\u00e9rience num\u00e9rique enrichie et performante.\" \/>\n<meta name=\"robots\" content=\"index, follow, max-snippet:-1, max-image-preview:large, max-video-preview:-1\" \/>\n<link rel=\"canonical\" href=\"https:\/\/powell-software.com\/fr\/produits\/fonctionnalites-intranet\/\" \/>\n<meta property=\"og:locale\" content=\"fr_FR\" \/>\n<meta property=\"og:type\" content=\"article\" \/>\n<meta property=\"og:title\" content=\"Powell - des fonctionnalit\u00e9s qui transforment l\u2019exp\u00e9rience collaborateur\" \/>\n<meta property=\"og:description\" content=\"Powell r\u00e9volutionne votre Digital Workplace avec des outils d\u2019analyse, un design personnalis\u00e9 et des innovations comme Powell Buddy AI. Offrez \u00e0 vos collaborateurs une exp\u00e9rience num\u00e9rique enrichie et performante.\" \/>\n<meta property=\"og:url\" content=\"https:\/\/powell-software.com\/fr\/produits\/fonctionnalites-intranet\/\" \/>\n<meta property=\"og:site_name\" content=\"Powell\" \/>\n<meta property=\"article:publisher\" content=\"https:\/\/www.facebook.com\/PowellSoftware\" \/>\n<meta property=\"article:modified_time\" content=\"2025-02-17T14:36:21+00:00\" \/>\n<meta name=\"twitter:card\" content=\"summary_large_image\" \/>\n<meta name=\"twitter:site\" content=\"@powellsoftware\" \/>\n<script type=\"application\/ld+json\" class=\"yoast-schema-graph\">{\"@context\":\"https:\\\/\\\/schema.org\",\"@graph\":[{\"@type\":\"WebPage\",\"@id\":\"https:\\\/\\\/powell-software.com\\\/fr\\\/produits\\\/fonctionnalites-intranet\\\/\",\"url\":\"https:\\\/\\\/powell-software.com\\\/fr\\\/produits\\\/fonctionnalites-intranet\\\/\",\"name\":\"Powell - des fonctionnalit\u00e9s qui transforment l\u2019exp\u00e9rience collaborateur\",\"isPartOf\":{\"@id\":\"https:\\\/\\\/powell-software.com\\\/fr\\\/#website\"},\"datePublished\":\"2024-12-12T12:07:48+00:00\",\"dateModified\":\"2025-02-17T14:36:21+00:00\",\"description\":\"Powell r\u00e9volutionne votre Digital Workplace avec des outils d\u2019analyse, un design personnalis\u00e9 et des innovations comme Powell Buddy AI. Offrez \u00e0 vos collaborateurs une exp\u00e9rience num\u00e9rique enrichie et performante.\",\"breadcrumb\":{\"@id\":\"https:\\\/\\\/powell-software.com\\\/fr\\\/produits\\\/fonctionnalites-intranet\\\/#breadcrumb\"},\"inLanguage\":\"fr-FR\",\"potentialAction\":[{\"@type\":\"ReadAction\",\"target\":[\"https:\\\/\\\/powell-software.com\\\/fr\\\/produits\\\/fonctionnalites-intranet\\\/\"]}]},{\"@type\":\"BreadcrumbList\",\"@id\":\"https:\\\/\\\/powell-software.com\\\/fr\\\/produits\\\/fonctionnalites-intranet\\\/#breadcrumb\",\"itemListElement\":[{\"@type\":\"ListItem\",\"position\":1,\"name\":\"Home\",\"item\":\"https:\\\/\\\/powell-software.com\\\/fr\\\/\"},{\"@type\":\"ListItem\",\"position\":2,\"name\":\"Produits\",\"item\":\"http:\\\/\\\/powell-software.com\\\/fr\\\/products\\\/\"},{\"@type\":\"ListItem\",\"position\":3,\"name\":\"Fonctionnalit\u00e9s\"}]},{\"@type\":\"WebSite\",\"@id\":\"https:\\\/\\\/powell-software.com\\\/fr\\\/#website\",\"url\":\"https:\\\/\\\/powell-software.com\\\/fr\\\/\",\"name\":\"Powell\",\"description\":\"La solution de Digital Workplace\",\"publisher\":{\"@id\":\"https:\\\/\\\/powell-software.com\\\/fr\\\/#organization\"},\"potentialAction\":[{\"@type\":\"SearchAction\",\"target\":{\"@type\":\"EntryPoint\",\"urlTemplate\":\"https:\\\/\\\/powell-software.com\\\/fr\\\/?s={search_term_string}\"},\"query-input\":{\"@type\":\"PropertyValueSpecification\",\"valueRequired\":true,\"valueName\":\"search_term_string\"}}],\"inLanguage\":\"fr-FR\"},{\"@type\":\"Organization\",\"@id\":\"https:\\\/\\\/powell-software.com\\\/fr\\\/#organization\",\"name\":\"Powell\",\"url\":\"https:\\\/\\\/powell-software.com\\\/fr\\\/\",\"logo\":{\"@type\":\"ImageObject\",\"inLanguage\":\"fr-FR\",\"@id\":\"https:\\\/\\\/powell-software.com\\\/fr\\\/#\\\/schema\\\/logo\\\/image\\\/\",\"url\":\"https:\\\/\\\/powell-software.com\\\/wp-content\\\/uploads\\\/2025\\\/03\\\/favicon.webp\",\"contentUrl\":\"https:\\\/\\\/powell-software.com\\\/wp-content\\\/uploads\\\/2025\\\/03\\\/favicon.webp\",\"width\":969,\"height\":969,\"caption\":\"Powell\"},\"image\":{\"@id\":\"https:\\\/\\\/powell-software.com\\\/fr\\\/#\\\/schema\\\/logo\\\/image\\\/\"},\"sameAs\":[\"https:\\\/\\\/www.facebook.com\\\/PowellSoftware\",\"https:\\\/\\\/x.com\\\/powellsoftware\",\"https:\\\/\\\/www.youtube.com\\\/channel\\\/UCBX2pfEUCxJQWCKOx9hvv8w\",\"https:\\\/\\\/fr.linkedin.com\\\/company\\\/powell-software\"]}]}<\/script>\n<!-- \/ Yoast SEO plugin. -->","yoast_head_json":{"title":"Powell - des fonctionnalit\u00e9s qui transforment l\u2019exp\u00e9rience collaborateur","description":"Powell r\u00e9volutionne votre Digital Workplace avec des outils d\u2019analyse, un design personnalis\u00e9 et des innovations comme Powell Buddy AI. Offrez \u00e0 vos collaborateurs une exp\u00e9rience num\u00e9rique enrichie et performante.","robots":{"index":"index","follow":"follow","max-snippet":"max-snippet:-1","max-image-preview":"max-image-preview:large","max-video-preview":"max-video-preview:-1"},"canonical":"https:\/\/powell-software.com\/fr\/produits\/fonctionnalites-intranet\/","og_locale":"fr_FR","og_type":"article","og_title":"Powell - des fonctionnalit\u00e9s qui transforment l\u2019exp\u00e9rience collaborateur","og_description":"Powell r\u00e9volutionne votre Digital Workplace avec des outils d\u2019analyse, un design personnalis\u00e9 et des innovations comme Powell Buddy AI. Offrez \u00e0 vos collaborateurs une exp\u00e9rience num\u00e9rique enrichie et performante.","og_url":"https:\/\/powell-software.com\/fr\/produits\/fonctionnalites-intranet\/","og_site_name":"Powell","article_publisher":"https:\/\/www.facebook.com\/PowellSoftware","article_modified_time":"2025-02-17T14:36:21+00:00","twitter_card":"summary_large_image","twitter_site":"@powellsoftware","schema":{"@context":"https:\/\/schema.org","@graph":[{"@type":"WebPage","@id":"https:\/\/powell-software.com\/fr\/produits\/fonctionnalites-intranet\/","url":"https:\/\/powell-software.com\/fr\/produits\/fonctionnalites-intranet\/","name":"Powell - des fonctionnalit\u00e9s qui transforment l\u2019exp\u00e9rience collaborateur","isPartOf":{"@id":"https:\/\/powell-software.com\/fr\/#website"},"datePublished":"2024-12-12T12:07:48+00:00","dateModified":"2025-02-17T14:36:21+00:00","description":"Powell r\u00e9volutionne votre Digital Workplace avec des outils d\u2019analyse, un design personnalis\u00e9 et des innovations comme Powell Buddy AI. Offrez \u00e0 vos collaborateurs une exp\u00e9rience num\u00e9rique enrichie et performante.","breadcrumb":{"@id":"https:\/\/powell-software.com\/fr\/produits\/fonctionnalites-intranet\/#breadcrumb"},"inLanguage":"fr-FR","potentialAction":[{"@type":"ReadAction","target":["https:\/\/powell-software.com\/fr\/produits\/fonctionnalites-intranet\/"]}]},{"@type":"BreadcrumbList","@id":"https:\/\/powell-software.com\/fr\/produits\/fonctionnalites-intranet\/#breadcrumb","itemListElement":[{"@type":"ListItem","position":1,"name":"Home","item":"https:\/\/powell-software.com\/fr\/"},{"@type":"ListItem","position":2,"name":"Produits","item":"http:\/\/powell-software.com\/fr\/products\/"},{"@type":"ListItem","position":3,"name":"Fonctionnalit\u00e9s"}]},{"@type":"WebSite","@id":"https:\/\/powell-software.com\/fr\/#website","url":"https:\/\/powell-software.com\/fr\/","name":"Powell","description":"La solution de Digital Workplace","publisher":{"@id":"https:\/\/powell-software.com\/fr\/#organization"},"potentialAction":[{"@type":"SearchAction","target":{"@type":"EntryPoint","urlTemplate":"https:\/\/powell-software.com\/fr\/?s={search_term_string}"},"query-input":{"@type":"PropertyValueSpecification","valueRequired":true,"valueName":"search_term_string"}}],"inLanguage":"fr-FR"},{"@type":"Organization","@id":"https:\/\/powell-software.com\/fr\/#organization","name":"Powell","url":"https:\/\/powell-software.com\/fr\/","logo":{"@type":"ImageObject","inLanguage":"fr-FR","@id":"https:\/\/powell-software.com\/fr\/#\/schema\/logo\/image\/","url":"https:\/\/powell-software.com\/wp-content\/uploads\/2025\/03\/favicon.webp","contentUrl":"https:\/\/powell-software.com\/wp-content\/uploads\/2025\/03\/favicon.webp","width":969,"height":969,"caption":"Powell"},"image":{"@id":"https:\/\/powell-software.com\/fr\/#\/schema\/logo\/image\/"},"sameAs":["https:\/\/www.facebook.com\/PowellSoftware","https:\/\/x.com\/powellsoftware","https:\/\/www.youtube.com\/channel\/UCBX2pfEUCxJQWCKOx9hvv8w","https:\/\/fr.linkedin.com\/company\/powell-software"]}]}},"_links":{"self":[{"href":"https:\/\/powell-software.com\/fr\/wp-json\/wp\/v2\/pages\/125929","targetHints":{"allow":["GET"]}}],"collection":[{"href":"https:\/\/powell-software.com\/fr\/wp-json\/wp\/v2\/pages"}],"about":[{"href":"https:\/\/powell-software.com\/fr\/wp-json\/wp\/v2\/types\/page"}],"author":[{"embeddable":true,"href":"https:\/\/powell-software.com\/fr\/wp-json\/wp\/v2\/users\/60"}],"replies":[{"embeddable":true,"href":"https:\/\/powell-software.com\/fr\/wp-json\/wp\/v2\/comments?post=125929"}],"version-history":[{"count":0,"href":"https:\/\/powell-software.com\/fr\/wp-json\/wp\/v2\/pages\/125929\/revisions"}],"up":[{"embeddable":true,"href":"https:\/\/powell-software.com\/fr\/wp-json\/wp\/v2\/pages\/126476"}],"wp:attachment":[{"href":"https:\/\/powell-software.com\/fr\/wp-json\/wp\/v2\/media?parent=125929"}],"curies":[{"name":"wp","href":"https:\/\/api.w.org\/{rel}","templated":true}]}}