{"id":125875,"date":"2024-12-09T18:58:37","date_gmt":"2024-12-09T17:58:37","guid":{"rendered":"https:\/\/live-powell-software.pantheonsite.io\/?page_id=125875"},"modified":"2025-04-16T10:38:11","modified_gmt":"2025-04-16T09:38:11","slug":"devenir-partenaire","status":"publish","type":"page","link":"https:\/\/powell-software.com\/fr\/partenaires\/devenir-partenaire\/","title":{"rendered":"Devenir partenaire"},"content":{"rendered":"","protected":false},"excerpt":{"rendered":"","protected":false},"author":60,"featured_media":0,"parent":127415,"menu_order":0,"comment_status":"closed","ping_status":"closed","template":"","meta":{"_acf_changed":false,"footnotes":""},"class_list":["post-125875","page","type-page","status-publish","hentry"],"acf":[],"yoast_head":"<!-- This site is optimized with the Yoast SEO plugin v27.3 - https:\/\/yoast.com\/product\/yoast-seo-wordpress\/ -->\n<title>Devenez un partenaire Powell | Experts Digital Workplace<\/title>\n<meta name=\"description\" content=\"Proposez \u00e0 vos clients des solutions uniques en mati\u00e8re de Digital Workplace ! Devenez un partenaire de Powell et rejoignez notre r\u00e9seau d&#039;experts.\" \/>\n<meta name=\"robots\" content=\"index, follow, max-snippet:-1, max-image-preview:large, max-video-preview:-1\" \/>\n<link rel=\"canonical\" href=\"https:\/\/powell-software.com\/fr\/partenaires\/devenir-partenaire\/\" \/>\n<meta property=\"og:locale\" content=\"fr_FR\" \/>\n<meta property=\"og:type\" content=\"article\" \/>\n<meta property=\"og:title\" content=\"Devenez un partenaire Powell | Experts Digital Workplace\" \/>\n<meta property=\"og:description\" content=\"Proposez \u00e0 vos clients des solutions uniques en mati\u00e8re de Digital Workplace ! Devenez un partenaire de Powell et rejoignez notre r\u00e9seau d&#039;experts.\" \/>\n<meta property=\"og:url\" content=\"https:\/\/powell-software.com\/fr\/partenaires\/devenir-partenaire\/\" \/>\n<meta property=\"og:site_name\" content=\"Powell\" \/>\n<meta property=\"article:publisher\" content=\"https:\/\/www.facebook.com\/PowellSoftware\" \/>\n<meta property=\"article:modified_time\" content=\"2025-04-16T09:38:11+00:00\" \/>\n<meta name=\"twitter:card\" content=\"summary_large_image\" \/>\n<meta name=\"twitter:site\" content=\"@powellsoftware\" \/>\n<script type=\"application\/ld+json\" class=\"yoast-schema-graph\">{\"@context\":\"https:\\\/\\\/schema.org\",\"@graph\":[{\"@type\":\"WebPage\",\"@id\":\"https:\\\/\\\/powell-software.com\\\/fr\\\/partenaires\\\/devenir-partenaire\\\/\",\"url\":\"https:\\\/\\\/powell-software.com\\\/fr\\\/partenaires\\\/devenir-partenaire\\\/\",\"name\":\"Devenez un partenaire Powell | Experts Digital Workplace\",\"isPartOf\":{\"@id\":\"https:\\\/\\\/powell-software.com\\\/fr\\\/#website\"},\"datePublished\":\"2024-12-09T17:58:37+00:00\",\"dateModified\":\"2025-04-16T09:38:11+00:00\",\"description\":\"Proposez \u00e0 vos clients des solutions uniques en mati\u00e8re de Digital Workplace ! Devenez un partenaire de Powell et rejoignez notre r\u00e9seau d'experts.\",\"breadcrumb\":{\"@id\":\"https:\\\/\\\/powell-software.com\\\/fr\\\/partenaires\\\/devenir-partenaire\\\/#breadcrumb\"},\"inLanguage\":\"fr-FR\",\"potentialAction\":[{\"@type\":\"ReadAction\",\"target\":[\"https:\\\/\\\/powell-software.com\\\/fr\\\/partenaires\\\/devenir-partenaire\\\/\"]}]},{\"@type\":\"BreadcrumbList\",\"@id\":\"https:\\\/\\\/powell-software.com\\\/fr\\\/partenaires\\\/devenir-partenaire\\\/#breadcrumb\",\"itemListElement\":[{\"@type\":\"ListItem\",\"position\":1,\"name\":\"Home\",\"item\":\"https:\\\/\\\/powell-software.com\\\/fr\\\/\"},{\"@type\":\"ListItem\",\"position\":2,\"name\":\"Partenaires\",\"item\":\"https:\\\/\\\/powell-software.com\\\/fr\\\/partenaires\\\/\"},{\"@type\":\"ListItem\",\"position\":3,\"name\":\"Devenir partenaire\"}]},{\"@type\":\"WebSite\",\"@id\":\"https:\\\/\\\/powell-software.com\\\/fr\\\/#website\",\"url\":\"https:\\\/\\\/powell-software.com\\\/fr\\\/\",\"name\":\"Powell\",\"description\":\"La solution de Digital Workplace\",\"publisher\":{\"@id\":\"https:\\\/\\\/powell-software.com\\\/fr\\\/#organization\"},\"potentialAction\":[{\"@type\":\"SearchAction\",\"target\":{\"@type\":\"EntryPoint\",\"urlTemplate\":\"https:\\\/\\\/powell-software.com\\\/fr\\\/?s={search_term_string}\"},\"query-input\":{\"@type\":\"PropertyValueSpecification\",\"valueRequired\":true,\"valueName\":\"search_term_string\"}}],\"inLanguage\":\"fr-FR\"},{\"@type\":\"Organization\",\"@id\":\"https:\\\/\\\/powell-software.com\\\/fr\\\/#organization\",\"name\":\"Powell\",\"url\":\"https:\\\/\\\/powell-software.com\\\/fr\\\/\",\"logo\":{\"@type\":\"ImageObject\",\"inLanguage\":\"fr-FR\",\"@id\":\"https:\\\/\\\/powell-software.com\\\/fr\\\/#\\\/schema\\\/logo\\\/image\\\/\",\"url\":\"https:\\\/\\\/powell-software.com\\\/wp-content\\\/uploads\\\/2025\\\/03\\\/favicon.webp\",\"contentUrl\":\"https:\\\/\\\/powell-software.com\\\/wp-content\\\/uploads\\\/2025\\\/03\\\/favicon.webp\",\"width\":969,\"height\":969,\"caption\":\"Powell\"},\"image\":{\"@id\":\"https:\\\/\\\/powell-software.com\\\/fr\\\/#\\\/schema\\\/logo\\\/image\\\/\"},\"sameAs\":[\"https:\\\/\\\/www.facebook.com\\\/PowellSoftware\",\"https:\\\/\\\/x.com\\\/powellsoftware\",\"https:\\\/\\\/www.youtube.com\\\/channel\\\/UCBX2pfEUCxJQWCKOx9hvv8w\",\"https:\\\/\\\/fr.linkedin.com\\\/company\\\/powell-software\"]}]}<\/script>\n<!-- \/ Yoast SEO plugin. -->","yoast_head_json":{"title":"Devenez un partenaire Powell | Experts Digital Workplace","description":"Proposez \u00e0 vos clients des solutions uniques en mati\u00e8re de Digital Workplace ! Devenez un partenaire de Powell et rejoignez notre r\u00e9seau d'experts.","robots":{"index":"index","follow":"follow","max-snippet":"max-snippet:-1","max-image-preview":"max-image-preview:large","max-video-preview":"max-video-preview:-1"},"canonical":"https:\/\/powell-software.com\/fr\/partenaires\/devenir-partenaire\/","og_locale":"fr_FR","og_type":"article","og_title":"Devenez un partenaire Powell | Experts Digital Workplace","og_description":"Proposez \u00e0 vos clients des solutions uniques en mati\u00e8re de Digital Workplace ! Devenez un partenaire de Powell et rejoignez notre r\u00e9seau d'experts.","og_url":"https:\/\/powell-software.com\/fr\/partenaires\/devenir-partenaire\/","og_site_name":"Powell","article_publisher":"https:\/\/www.facebook.com\/PowellSoftware","article_modified_time":"2025-04-16T09:38:11+00:00","twitter_card":"summary_large_image","twitter_site":"@powellsoftware","schema":{"@context":"https:\/\/schema.org","@graph":[{"@type":"WebPage","@id":"https:\/\/powell-software.com\/fr\/partenaires\/devenir-partenaire\/","url":"https:\/\/powell-software.com\/fr\/partenaires\/devenir-partenaire\/","name":"Devenez un partenaire Powell | Experts Digital Workplace","isPartOf":{"@id":"https:\/\/powell-software.com\/fr\/#website"},"datePublished":"2024-12-09T17:58:37+00:00","dateModified":"2025-04-16T09:38:11+00:00","description":"Proposez \u00e0 vos clients des solutions uniques en mati\u00e8re de Digital Workplace ! Devenez un partenaire de Powell et rejoignez notre r\u00e9seau d'experts.","breadcrumb":{"@id":"https:\/\/powell-software.com\/fr\/partenaires\/devenir-partenaire\/#breadcrumb"},"inLanguage":"fr-FR","potentialAction":[{"@type":"ReadAction","target":["https:\/\/powell-software.com\/fr\/partenaires\/devenir-partenaire\/"]}]},{"@type":"BreadcrumbList","@id":"https:\/\/powell-software.com\/fr\/partenaires\/devenir-partenaire\/#breadcrumb","itemListElement":[{"@type":"ListItem","position":1,"name":"Home","item":"https:\/\/powell-software.com\/fr\/"},{"@type":"ListItem","position":2,"name":"Partenaires","item":"https:\/\/powell-software.com\/fr\/partenaires\/"},{"@type":"ListItem","position":3,"name":"Devenir partenaire"}]},{"@type":"WebSite","@id":"https:\/\/powell-software.com\/fr\/#website","url":"https:\/\/powell-software.com\/fr\/","name":"Powell","description":"La solution de Digital Workplace","publisher":{"@id":"https:\/\/powell-software.com\/fr\/#organization"},"potentialAction":[{"@type":"SearchAction","target":{"@type":"EntryPoint","urlTemplate":"https:\/\/powell-software.com\/fr\/?s={search_term_string}"},"query-input":{"@type":"PropertyValueSpecification","valueRequired":true,"valueName":"search_term_string"}}],"inLanguage":"fr-FR"},{"@type":"Organization","@id":"https:\/\/powell-software.com\/fr\/#organization","name":"Powell","url":"https:\/\/powell-software.com\/fr\/","logo":{"@type":"ImageObject","inLanguage":"fr-FR","@id":"https:\/\/powell-software.com\/fr\/#\/schema\/logo\/image\/","url":"https:\/\/powell-software.com\/wp-content\/uploads\/2025\/03\/favicon.webp","contentUrl":"https:\/\/powell-software.com\/wp-content\/uploads\/2025\/03\/favicon.webp","width":969,"height":969,"caption":"Powell"},"image":{"@id":"https:\/\/powell-software.com\/fr\/#\/schema\/logo\/image\/"},"sameAs":["https:\/\/www.facebook.com\/PowellSoftware","https:\/\/x.com\/powellsoftware","https:\/\/www.youtube.com\/channel\/UCBX2pfEUCxJQWCKOx9hvv8w","https:\/\/fr.linkedin.com\/company\/powell-software"]}]}},"_links":{"self":[{"href":"https:\/\/powell-software.com\/fr\/wp-json\/wp\/v2\/pages\/125875","targetHints":{"allow":["GET"]}}],"collection":[{"href":"https:\/\/powell-software.com\/fr\/wp-json\/wp\/v2\/pages"}],"about":[{"href":"https:\/\/powell-software.com\/fr\/wp-json\/wp\/v2\/types\/page"}],"author":[{"embeddable":true,"href":"https:\/\/powell-software.com\/fr\/wp-json\/wp\/v2\/users\/60"}],"replies":[{"embeddable":true,"href":"https:\/\/powell-software.com\/fr\/wp-json\/wp\/v2\/comments?post=125875"}],"version-history":[{"count":0,"href":"https:\/\/powell-software.com\/fr\/wp-json\/wp\/v2\/pages\/125875\/revisions"}],"up":[{"embeddable":true,"href":"https:\/\/powell-software.com\/fr\/wp-json\/wp\/v2\/pages\/127415"}],"wp:attachment":[{"href":"https:\/\/powell-software.com\/fr\/wp-json\/wp\/v2\/media?parent=125875"}],"curies":[{"name":"wp","href":"https:\/\/api.w.org\/{rel}","templated":true}]}}