{"id":125911,"date":"2024-12-12T13:01:21","date_gmt":"2024-12-12T12:01:21","guid":{"rendered":"https:\/\/live-powell-software.pantheonsite.io\/?page_id=125911"},"modified":"2025-04-16T10:36:39","modified_gmt":"2025-04-16T09:36:39","slug":"partner-werden","status":"publish","type":"page","link":"https:\/\/powell-software.com\/de\/partner\/partner-werden\/","title":{"rendered":"Become Partner"},"content":{"rendered":"","protected":false},"excerpt":{"rendered":"","protected":false},"author":60,"featured_media":0,"parent":130544,"menu_order":0,"comment_status":"closed","ping_status":"closed","template":"","meta":{"_acf_changed":false,"footnotes":""},"class_list":["post-125911","page","type-page","status-publish","hentry"],"acf":[],"yoast_head":"<!-- This site is optimized with the Yoast SEO plugin v27.3 - https:\/\/yoast.com\/product\/yoast-seo-wordpress\/ -->\n<title>Powell-Partner werden | Experten f\u00fcr digitale Arbeitspl\u00e4tze<\/title>\n<meta name=\"description\" content=\"Bieten Sie Ihren Kunden einzigartige L\u00f6sungen f\u00fcr digitale Arbeitspl\u00e4tze! Werden Sie Powell-Partner und treten Sie unserem Expertennetzwerk bei.\" \/>\n<meta name=\"robots\" content=\"index, follow, max-snippet:-1, max-image-preview:large, max-video-preview:-1\" \/>\n<link rel=\"canonical\" href=\"https:\/\/powell-software.com\/de\/partner\/partner-werden\/\" \/>\n<meta property=\"og:locale\" content=\"de_DE\" \/>\n<meta property=\"og:type\" content=\"article\" \/>\n<meta property=\"og:title\" content=\"Powell-Partner werden | Experten f\u00fcr digitale Arbeitspl\u00e4tze\" \/>\n<meta property=\"og:description\" content=\"Bieten Sie Ihren Kunden einzigartige L\u00f6sungen f\u00fcr digitale Arbeitspl\u00e4tze! Werden Sie Powell-Partner und treten Sie unserem Expertennetzwerk bei.\" \/>\n<meta property=\"og:url\" content=\"https:\/\/powell-software.com\/de\/partner\/partner-werden\/\" \/>\n<meta property=\"og:site_name\" content=\"Powell\" \/>\n<meta property=\"article:publisher\" content=\"https:\/\/www.facebook.com\/PowellSoftware\" \/>\n<meta property=\"article:modified_time\" content=\"2025-04-16T09:36:39+00:00\" \/>\n<meta name=\"twitter:card\" content=\"summary_large_image\" \/>\n<meta name=\"twitter:site\" content=\"@powellsoftware\" \/>\n<script type=\"application\/ld+json\" class=\"yoast-schema-graph\">{\"@context\":\"https:\\\/\\\/schema.org\",\"@graph\":[{\"@type\":\"WebPage\",\"@id\":\"https:\\\/\\\/powell-software.com\\\/de\\\/partner\\\/partner-werden\\\/\",\"url\":\"https:\\\/\\\/powell-software.com\\\/de\\\/partner\\\/partner-werden\\\/\",\"name\":\"Powell-Partner werden | Experten f\u00fcr digitale Arbeitspl\u00e4tze\",\"isPartOf\":{\"@id\":\"https:\\\/\\\/powell-software.com\\\/de\\\/#website\"},\"datePublished\":\"2024-12-12T12:01:21+00:00\",\"dateModified\":\"2025-04-16T09:36:39+00:00\",\"description\":\"Bieten Sie Ihren Kunden einzigartige L\u00f6sungen f\u00fcr digitale Arbeitspl\u00e4tze! Werden Sie Powell-Partner und treten Sie unserem Expertennetzwerk bei.\",\"breadcrumb\":{\"@id\":\"https:\\\/\\\/powell-software.com\\\/de\\\/partner\\\/partner-werden\\\/#breadcrumb\"},\"inLanguage\":\"de-DE\",\"potentialAction\":[{\"@type\":\"ReadAction\",\"target\":[\"https:\\\/\\\/powell-software.com\\\/de\\\/partner\\\/partner-werden\\\/\"]}]},{\"@type\":\"BreadcrumbList\",\"@id\":\"https:\\\/\\\/powell-software.com\\\/de\\\/partner\\\/partner-werden\\\/#breadcrumb\",\"itemListElement\":[{\"@type\":\"ListItem\",\"position\":1,\"name\":\"Home\",\"item\":\"https:\\\/\\\/powell-software.com\\\/de\\\/\"},{\"@type\":\"ListItem\",\"position\":2,\"name\":\"Partner\",\"item\":\"http:\\\/\\\/powell-software.com\\\/de\\\/partners\\\/\"},{\"@type\":\"ListItem\",\"position\":3,\"name\":\"Become Partner\"}]},{\"@type\":\"WebSite\",\"@id\":\"https:\\\/\\\/powell-software.com\\\/de\\\/#website\",\"url\":\"https:\\\/\\\/powell-software.com\\\/de\\\/\",\"name\":\"Powell\",\"description\":\"Intranet f\u00fcr Unternehmen\",\"publisher\":{\"@id\":\"https:\\\/\\\/powell-software.com\\\/de\\\/#organization\"},\"potentialAction\":[{\"@type\":\"SearchAction\",\"target\":{\"@type\":\"EntryPoint\",\"urlTemplate\":\"https:\\\/\\\/powell-software.com\\\/de\\\/?s={search_term_string}\"},\"query-input\":{\"@type\":\"PropertyValueSpecification\",\"valueRequired\":true,\"valueName\":\"search_term_string\"}}],\"inLanguage\":\"de-DE\"},{\"@type\":\"Organization\",\"@id\":\"https:\\\/\\\/powell-software.com\\\/de\\\/#organization\",\"name\":\"Powell\",\"url\":\"https:\\\/\\\/powell-software.com\\\/de\\\/\",\"logo\":{\"@type\":\"ImageObject\",\"inLanguage\":\"de-DE\",\"@id\":\"https:\\\/\\\/powell-software.com\\\/de\\\/#\\\/schema\\\/logo\\\/image\\\/\",\"url\":\"https:\\\/\\\/powell-software.com\\\/wp-content\\\/uploads\\\/2025\\\/03\\\/favicon.webp\",\"contentUrl\":\"https:\\\/\\\/powell-software.com\\\/wp-content\\\/uploads\\\/2025\\\/03\\\/favicon.webp\",\"width\":969,\"height\":969,\"caption\":\"Powell\"},\"image\":{\"@id\":\"https:\\\/\\\/powell-software.com\\\/de\\\/#\\\/schema\\\/logo\\\/image\\\/\"},\"sameAs\":[\"https:\\\/\\\/www.facebook.com\\\/PowellSoftware\",\"https:\\\/\\\/x.com\\\/powellsoftware\",\"https:\\\/\\\/www.youtube.com\\\/channel\\\/UCBX2pfEUCxJQWCKOx9hvv8w\",\"https:\\\/\\\/fr.linkedin.com\\\/company\\\/powell-software\"]}]}<\/script>\n<!-- \/ Yoast SEO plugin. -->","yoast_head_json":{"title":"Powell-Partner werden | Experten f\u00fcr digitale Arbeitspl\u00e4tze","description":"Bieten Sie Ihren Kunden einzigartige L\u00f6sungen f\u00fcr digitale Arbeitspl\u00e4tze! Werden Sie Powell-Partner und treten Sie unserem Expertennetzwerk bei.","robots":{"index":"index","follow":"follow","max-snippet":"max-snippet:-1","max-image-preview":"max-image-preview:large","max-video-preview":"max-video-preview:-1"},"canonical":"https:\/\/powell-software.com\/de\/partner\/partner-werden\/","og_locale":"de_DE","og_type":"article","og_title":"Powell-Partner werden | Experten f\u00fcr digitale Arbeitspl\u00e4tze","og_description":"Bieten Sie Ihren Kunden einzigartige L\u00f6sungen f\u00fcr digitale Arbeitspl\u00e4tze! Werden Sie Powell-Partner und treten Sie unserem Expertennetzwerk bei.","og_url":"https:\/\/powell-software.com\/de\/partner\/partner-werden\/","og_site_name":"Powell","article_publisher":"https:\/\/www.facebook.com\/PowellSoftware","article_modified_time":"2025-04-16T09:36:39+00:00","twitter_card":"summary_large_image","twitter_site":"@powellsoftware","schema":{"@context":"https:\/\/schema.org","@graph":[{"@type":"WebPage","@id":"https:\/\/powell-software.com\/de\/partner\/partner-werden\/","url":"https:\/\/powell-software.com\/de\/partner\/partner-werden\/","name":"Powell-Partner werden | Experten f\u00fcr digitale Arbeitspl\u00e4tze","isPartOf":{"@id":"https:\/\/powell-software.com\/de\/#website"},"datePublished":"2024-12-12T12:01:21+00:00","dateModified":"2025-04-16T09:36:39+00:00","description":"Bieten Sie Ihren Kunden einzigartige L\u00f6sungen f\u00fcr digitale Arbeitspl\u00e4tze! Werden Sie Powell-Partner und treten Sie unserem Expertennetzwerk bei.","breadcrumb":{"@id":"https:\/\/powell-software.com\/de\/partner\/partner-werden\/#breadcrumb"},"inLanguage":"de-DE","potentialAction":[{"@type":"ReadAction","target":["https:\/\/powell-software.com\/de\/partner\/partner-werden\/"]}]},{"@type":"BreadcrumbList","@id":"https:\/\/powell-software.com\/de\/partner\/partner-werden\/#breadcrumb","itemListElement":[{"@type":"ListItem","position":1,"name":"Home","item":"https:\/\/powell-software.com\/de\/"},{"@type":"ListItem","position":2,"name":"Partner","item":"http:\/\/powell-software.com\/de\/partners\/"},{"@type":"ListItem","position":3,"name":"Become Partner"}]},{"@type":"WebSite","@id":"https:\/\/powell-software.com\/de\/#website","url":"https:\/\/powell-software.com\/de\/","name":"Powell","description":"Intranet f\u00fcr Unternehmen","publisher":{"@id":"https:\/\/powell-software.com\/de\/#organization"},"potentialAction":[{"@type":"SearchAction","target":{"@type":"EntryPoint","urlTemplate":"https:\/\/powell-software.com\/de\/?s={search_term_string}"},"query-input":{"@type":"PropertyValueSpecification","valueRequired":true,"valueName":"search_term_string"}}],"inLanguage":"de-DE"},{"@type":"Organization","@id":"https:\/\/powell-software.com\/de\/#organization","name":"Powell","url":"https:\/\/powell-software.com\/de\/","logo":{"@type":"ImageObject","inLanguage":"de-DE","@id":"https:\/\/powell-software.com\/de\/#\/schema\/logo\/image\/","url":"https:\/\/powell-software.com\/wp-content\/uploads\/2025\/03\/favicon.webp","contentUrl":"https:\/\/powell-software.com\/wp-content\/uploads\/2025\/03\/favicon.webp","width":969,"height":969,"caption":"Powell"},"image":{"@id":"https:\/\/powell-software.com\/de\/#\/schema\/logo\/image\/"},"sameAs":["https:\/\/www.facebook.com\/PowellSoftware","https:\/\/x.com\/powellsoftware","https:\/\/www.youtube.com\/channel\/UCBX2pfEUCxJQWCKOx9hvv8w","https:\/\/fr.linkedin.com\/company\/powell-software"]}]}},"_links":{"self":[{"href":"https:\/\/powell-software.com\/de\/wp-json\/wp\/v2\/pages\/125911","targetHints":{"allow":["GET"]}}],"collection":[{"href":"https:\/\/powell-software.com\/de\/wp-json\/wp\/v2\/pages"}],"about":[{"href":"https:\/\/powell-software.com\/de\/wp-json\/wp\/v2\/types\/page"}],"author":[{"embeddable":true,"href":"https:\/\/powell-software.com\/de\/wp-json\/wp\/v2\/users\/60"}],"replies":[{"embeddable":true,"href":"https:\/\/powell-software.com\/de\/wp-json\/wp\/v2\/comments?post=125911"}],"version-history":[{"count":0,"href":"https:\/\/powell-software.com\/de\/wp-json\/wp\/v2\/pages\/125911\/revisions"}],"up":[{"embeddable":true,"href":"https:\/\/powell-software.com\/de\/wp-json\/wp\/v2\/pages\/130544"}],"wp:attachment":[{"href":"https:\/\/powell-software.com\/de\/wp-json\/wp\/v2\/media?parent=125911"}],"curies":[{"name":"wp","href":"https:\/\/api.w.org\/{rel}","templated":true}]}}